{"id":1612,"date":"2024-07-24T21:19:56","date_gmt":"2024-07-24T17:49:56","guid":{"rendered":"https:\/\/denizfoodstuff.com\/product\/topland-zeytun-yaginda-konservl%c9%99sdirilmis-ton-baligi\/"},"modified":"2024-07-24T21:19:56","modified_gmt":"2024-07-24T17:49:56","slug":"topland-zeytun-yaginda-konservl%c9%99sdirilmis-ton-baligi","status":"publish","type":"product","link":"https:\/\/denizfoodstuff.com\/az\/product\/topland-zeytun-yaginda-konservl%c9%99sdirilmis-ton-baligi\/","title":{"rendered":"Topland zeytun ya\u011f\u0131nda konservl\u0259\u015fdirilmi\u015f ton bal\u0131\u011f\u0131"},"content":{"rendered":"","protected":false},"excerpt":{"rendered":"<p>D\u0259niz k\u0259nd t\u0259s\u0259rr\u00fcfat\u0131 v\u0259 s\u0259naye m\u0259hsulu olan Topland zeytun ya\u011f\u0131nda konservl\u0259\u015fdirilmi\u015f ton bal\u0131\u011f\u0131<\/p>\n","protected":false},"featured_media":1613,"comment_status":"open","ping_status":"closed","template":"","meta":[],"product_brand":[],"product_cat":[69],"product_tag":[],"class_list":{"0":"post-1612","1":"product","2":"type-product","3":"status-publish","4":"has-post-thumbnail","6":"product_cat-tuna-baligi","8":"first","9":"instock","10":"shipping-taxable","11":"product-type-simple"},"_links":{"self":[{"href":"https:\/\/denizfoodstuff.com\/az\/wp-json\/wp\/v2\/product\/1612","targetHints":{"allow":["GET"]}}],"collection":[{"href":"https:\/\/denizfoodstuff.com\/az\/wp-json\/wp\/v2\/product"}],"about":[{"href":"https:\/\/denizfoodstuff.com\/az\/wp-json\/wp\/v2\/types\/product"}],"replies":[{"embeddable":true,"href":"https:\/\/denizfoodstuff.com\/az\/wp-json\/wp\/v2\/comments?post=1612"}],"wp:featuredmedia":[{"embeddable":true,"href":"https:\/\/denizfoodstuff.com\/az\/wp-json\/wp\/v2\/media\/1613"}],"wp:attachment":[{"href":"https:\/\/denizfoodstuff.com\/az\/wp-json\/wp\/v2\/media?parent=1612"}],"wp:term":[{"taxonomy":"product_brand","embeddable":true,"href":"https:\/\/denizfoodstuff.com\/az\/wp-json\/wp\/v2\/product_brand?post=1612"},{"taxonomy":"product_cat","embeddable":true,"href":"https:\/\/denizfoodstuff.com\/az\/wp-json\/wp\/v2\/product_cat?post=1612"},{"taxonomy":"product_tag","embeddable":true,"href":"https:\/\/denizfoodstuff.com\/az\/wp-json\/wp\/v2\/product_tag?post=1612"}],"curies":[{"name":"wp","href":"https:\/\/api.w.org\/{rel}","templated":true}]}}