{"id":1666,"date":"2024-07-24T20:55:46","date_gmt":"2024-07-24T17:25:46","guid":{"rendered":"https:\/\/denizfoodstuff.com\/product\/topland-yaginda-qirmizi-bib%c9%99r-il%c9%99-konservl%c9%99sdirilmis-ton-baligi\/"},"modified":"2024-07-24T20:55:46","modified_gmt":"2024-07-24T17:25:46","slug":"topland-yaginda-qirmizi-bib%c9%99r-il%c9%99-konservl%c9%99sdirilmis-ton-baligi","status":"publish","type":"product","link":"https:\/\/denizfoodstuff.com\/az\/product\/topland-yaginda-qirmizi-bib%c9%99r-il%c9%99-konservl%c9%99sdirilmis-ton-baligi\/","title":{"rendered":"Topland ya\u011f\u0131nda q\u0131rm\u0131z\u0131 bib\u0259r il\u0259 konservl\u0259\u015fdirilmi\u015f ton bal\u0131\u011f\u0131"},"content":{"rendered":"","protected":false},"excerpt":{"rendered":"<p>D\u0259niz \u0259kin\u00e7iliyinin m\u0259hsulu olan yayla ya\u011f\u0131nda q\u0131rm\u0131z\u0131 bib\u0259rli konservl\u0259\u015fdirilmi\u015f ton bal\u0131\u011f\u0131<\/p>\n","protected":false},"featured_media":1667,"comment_status":"open","ping_status":"closed","template":"","meta":[],"product_brand":[],"product_cat":[69],"product_tag":[],"class_list":{"0":"post-1666","1":"product","2":"type-product","3":"status-publish","4":"has-post-thumbnail","6":"product_cat-tuna-baligi","8":"first","9":"instock","10":"shipping-taxable","11":"product-type-simple"},"_links":{"self":[{"href":"https:\/\/denizfoodstuff.com\/az\/wp-json\/wp\/v2\/product\/1666","targetHints":{"allow":["GET"]}}],"collection":[{"href":"https:\/\/denizfoodstuff.com\/az\/wp-json\/wp\/v2\/product"}],"about":[{"href":"https:\/\/denizfoodstuff.com\/az\/wp-json\/wp\/v2\/types\/product"}],"replies":[{"embeddable":true,"href":"https:\/\/denizfoodstuff.com\/az\/wp-json\/wp\/v2\/comments?post=1666"}],"wp:featuredmedia":[{"embeddable":true,"href":"https:\/\/denizfoodstuff.com\/az\/wp-json\/wp\/v2\/media\/1667"}],"wp:attachment":[{"href":"https:\/\/denizfoodstuff.com\/az\/wp-json\/wp\/v2\/media?parent=1666"}],"wp:term":[{"taxonomy":"product_brand","embeddable":true,"href":"https:\/\/denizfoodstuff.com\/az\/wp-json\/wp\/v2\/product_brand?post=1666"},{"taxonomy":"product_cat","embeddable":true,"href":"https:\/\/denizfoodstuff.com\/az\/wp-json\/wp\/v2\/product_cat?post=1666"},{"taxonomy":"product_tag","embeddable":true,"href":"https:\/\/denizfoodstuff.com\/az\/wp-json\/wp\/v2\/product_tag?post=1666"}],"curies":[{"name":"wp","href":"https:\/\/api.w.org\/{rel}","templated":true}]}}