{"id":1802,"date":"2024-07-23T21:42:20","date_gmt":"2024-07-23T18:12:20","guid":{"rendered":"https:\/\/denizfoodstuff.com\/product\/500-qram-t%c9%99dqiqat-qabi-bal-mumu-il%c9%99\/"},"modified":"2024-07-23T21:42:20","modified_gmt":"2024-07-23T18:12:20","slug":"500-qram-t%c9%99dqiqat-qabi-bal-mumu-il%c9%99","status":"publish","type":"product","link":"https:\/\/denizfoodstuff.com\/az\/product\/500-qram-t%c9%99dqiqat-qabi-bal-mumu-il%c9%99\/","title":{"rendered":"500 qram t\u0259dqiqat qab\u0131 bal mumu il\u0259"},"content":{"rendered":"","protected":false},"excerpt":{"rendered":"<p>D\u0259niz bec\u0259rilm\u0259si v\u0259 s\u0259naye m\u0259hsulu olan bir par\u00e7a ar\u0131 mumu il\u0259 ara\u015fd\u0131rma qab\u0131nda 500 qram t\u0259bii bal<\/p>\n","protected":false},"featured_media":1803,"comment_status":"open","ping_status":"closed","template":"","meta":[],"product_brand":[],"product_cat":[75],"product_tag":[],"class_list":{"0":"post-1802","1":"product","2":"type-product","3":"status-publish","4":"has-post-thumbnail","6":"product_cat-bal","8":"first","9":"instock","10":"shipping-taxable","11":"product-type-simple"},"_links":{"self":[{"href":"https:\/\/denizfoodstuff.com\/az\/wp-json\/wp\/v2\/product\/1802","targetHints":{"allow":["GET"]}}],"collection":[{"href":"https:\/\/denizfoodstuff.com\/az\/wp-json\/wp\/v2\/product"}],"about":[{"href":"https:\/\/denizfoodstuff.com\/az\/wp-json\/wp\/v2\/types\/product"}],"replies":[{"embeddable":true,"href":"https:\/\/denizfoodstuff.com\/az\/wp-json\/wp\/v2\/comments?post=1802"}],"wp:featuredmedia":[{"embeddable":true,"href":"https:\/\/denizfoodstuff.com\/az\/wp-json\/wp\/v2\/media\/1803"}],"wp:attachment":[{"href":"https:\/\/denizfoodstuff.com\/az\/wp-json\/wp\/v2\/media?parent=1802"}],"wp:term":[{"taxonomy":"product_brand","embeddable":true,"href":"https:\/\/denizfoodstuff.com\/az\/wp-json\/wp\/v2\/product_brand?post=1802"},{"taxonomy":"product_cat","embeddable":true,"href":"https:\/\/denizfoodstuff.com\/az\/wp-json\/wp\/v2\/product_cat?post=1802"},{"taxonomy":"product_tag","embeddable":true,"href":"https:\/\/denizfoodstuff.com\/az\/wp-json\/wp\/v2\/product_tag?post=1802"}],"curies":[{"name":"wp","href":"https:\/\/api.w.org\/{rel}","templated":true}]}}