{"id":1891,"date":"2024-06-20T09:42:23","date_gmt":"2024-06-20T06:12:23","guid":{"rendered":"https:\/\/denizfoodstuff.com\/product\/410-ml-sus%c9%99-limon-suyu\/"},"modified":"2024-06-20T09:42:23","modified_gmt":"2024-06-20T06:12:23","slug":"410-ml-sus%c9%99-limon-suyu","status":"publish","type":"product","link":"https:\/\/denizfoodstuff.com\/az\/product\/410-ml-sus%c9%99-limon-suyu\/","title":{"rendered":"410 ml \u015f\u00fc\u015f\u0259 limon suyu"},"content":{"rendered":"","protected":false},"excerpt":{"rendered":"<p>Bir st\u0259kanda t\u0259bii limon suyu 410 ml, D\u0259niz k\u0259nd t\u0259s\u0259rr\u00fcfat\u0131 v\u0259 s\u0259naye m\u0259hsuludur<\/p>\n","protected":false},"featured_media":1892,"comment_status":"open","ping_status":"closed","template":"","meta":[],"product_brand":[],"product_cat":[72],"product_tag":[],"class_list":{"0":"post-1891","1":"product","2":"type-product","3":"status-publish","4":"has-post-thumbnail","6":"product_cat-limon-suyu","8":"first","9":"instock","10":"shipping-taxable","11":"product-type-simple"},"_links":{"self":[{"href":"https:\/\/denizfoodstuff.com\/az\/wp-json\/wp\/v2\/product\/1891","targetHints":{"allow":["GET"]}}],"collection":[{"href":"https:\/\/denizfoodstuff.com\/az\/wp-json\/wp\/v2\/product"}],"about":[{"href":"https:\/\/denizfoodstuff.com\/az\/wp-json\/wp\/v2\/types\/product"}],"replies":[{"embeddable":true,"href":"https:\/\/denizfoodstuff.com\/az\/wp-json\/wp\/v2\/comments?post=1891"}],"wp:featuredmedia":[{"embeddable":true,"href":"https:\/\/denizfoodstuff.com\/az\/wp-json\/wp\/v2\/media\/1892"}],"wp:attachment":[{"href":"https:\/\/denizfoodstuff.com\/az\/wp-json\/wp\/v2\/media?parent=1891"}],"wp:term":[{"taxonomy":"product_brand","embeddable":true,"href":"https:\/\/denizfoodstuff.com\/az\/wp-json\/wp\/v2\/product_brand?post=1891"},{"taxonomy":"product_cat","embeddable":true,"href":"https:\/\/denizfoodstuff.com\/az\/wp-json\/wp\/v2\/product_cat?post=1891"},{"taxonomy":"product_tag","embeddable":true,"href":"https:\/\/denizfoodstuff.com\/az\/wp-json\/wp\/v2\/product_tag?post=1891"}],"curies":[{"name":"wp","href":"https:\/\/api.w.org\/{rel}","templated":true}]}}