{"id":1934,"date":"2024-11-21T14:19:15","date_gmt":"2024-11-21T10:49:15","guid":{"rendered":"https:\/\/denizfoodstuff.com\/?post_type=product&#038;p=1934"},"modified":"2024-11-21T14:59:58","modified_gmt":"2024-11-21T11:29:58","slug":"arasdirma-nar-pastasi-300-qram12","status":"publish","type":"product","link":"https:\/\/denizfoodstuff.com\/az\/product\/arasdirma-nar-pastasi-300-qram12\/","title":{"rendered":"Ara\u015fd\u0131rma Nar Pastas\u0131 300 qram12"},"content":{"rendered":"","protected":false},"excerpt":{"rendered":"<p>Nar pastas\u0131 300 qram, 100% t\u0259bii t\u0259dqiqat<\/p>\n","protected":false},"featured_media":1881,"comment_status":"open","ping_status":"closed","template":"","meta":[],"product_brand":[],"product_cat":[78],"product_tag":[],"class_list":{"0":"post-1934","1":"product","2":"type-product","3":"status-publish","4":"has-post-thumbnail","6":"product_cat-nar-pastasi","8":"first","9":"instock","10":"shipping-taxable","11":"product-type-simple"},"_links":{"self":[{"href":"https:\/\/denizfoodstuff.com\/az\/wp-json\/wp\/v2\/product\/1934","targetHints":{"allow":["GET"]}}],"collection":[{"href":"https:\/\/denizfoodstuff.com\/az\/wp-json\/wp\/v2\/product"}],"about":[{"href":"https:\/\/denizfoodstuff.com\/az\/wp-json\/wp\/v2\/types\/product"}],"replies":[{"embeddable":true,"href":"https:\/\/denizfoodstuff.com\/az\/wp-json\/wp\/v2\/comments?post=1934"}],"wp:featuredmedia":[{"embeddable":true,"href":"https:\/\/denizfoodstuff.com\/az\/wp-json\/wp\/v2\/media\/1881"}],"wp:attachment":[{"href":"https:\/\/denizfoodstuff.com\/az\/wp-json\/wp\/v2\/media?parent=1934"}],"wp:term":[{"taxonomy":"product_brand","embeddable":true,"href":"https:\/\/denizfoodstuff.com\/az\/wp-json\/wp\/v2\/product_brand?post=1934"},{"taxonomy":"product_cat","embeddable":true,"href":"https:\/\/denizfoodstuff.com\/az\/wp-json\/wp\/v2\/product_cat?post=1934"},{"taxonomy":"product_tag","embeddable":true,"href":"https:\/\/denizfoodstuff.com\/az\/wp-json\/wp\/v2\/product_tag?post=1934"}],"curies":[{"name":"wp","href":"https:\/\/api.w.org\/{rel}","templated":true}]}}